{"id":14,"date":"2021-01-14T10:55:02","date_gmt":"2021-01-14T10:55:02","guid":{"rendered":"https:\/\/www.marnovacoruna.es\/?page_id=14"},"modified":"2025-02-05T16:38:09","modified_gmt":"2025-02-05T16:38:09","slug":"nosotros","status":"publish","type":"page","link":"https:\/\/eduben.es\/index.php\/nosotros\/","title":{"rendered":"Nosotros"},"content":{"rendered":"<div class=\"fusion-fullwidth fullwidth-box fusion-builder-row-1 fusion-flex-container has-pattern-background has-mask-background nonhundred-percent-fullwidth non-hundred-percent-height-scrolling\" style=\"--awb-background-position:center bottom;--awb-border-radius-top-left:0px;--awb-border-radius-top-right:0px;--awb-border-radius-bottom-right:0px;--awb-border-radius-bottom-left:0px;--awb-padding-top:90px;--awb-padding-bottom:0px;--awb-background-image:linear-gradient(180deg, var(--awb-color1) 0%,rgba(255,255,255,0) 39%);\" ><div class=\"fusion-builder-row fusion-row fusion-flex-align-items-flex-start fusion-flex-justify-content-center\" style=\"max-width:1248px;margin-left: calc(-4% \/ 2 );margin-right: calc(-4% \/ 2 );\"><div class=\"fusion-layout-column fusion_builder_column fusion-builder-column-0 fusion_builder_column_1_1 1_1 fusion-flex-column\" style=\"--awb-bg-size:cover;--awb-width-large:100%;--awb-margin-top-large:0px;--awb-spacing-right-large:1.92%;--awb-margin-bottom-large:20px;--awb-spacing-left-large:1.92%;--awb-width-medium:100%;--awb-order-medium:0;--awb-spacing-right-medium:1.92%;--awb-spacing-left-medium:1.92%;--awb-width-small:100%;--awb-order-small:0;--awb-spacing-right-small:1.92%;--awb-spacing-left-small:1.92%;\"><div class=\"fusion-column-wrapper fusion-column-has-shadow fusion-flex-justify-content-flex-start fusion-content-layout-column\"><div class=\"fusion-text fusion-text-1\"><p><strong>MISION<\/strong><\/p>\n<p>Nuestro objetivo es generar valor econ\u00f3mico y social de manera sostenible para todos los involucrados en nuestro negocio, siempre ofreciendo productos de la m\u00e1s alta calidad y enfoc\u00e1ndonos en la satisfacci\u00f3n del cliente.<\/p>\n<p><strong>VISION<\/strong><\/p>\n<p>Queremos ser una empresa en constante mejora, reconocida por consumidores, empleados, clientes, proveedores y grupos de inter\u00e9s como una de las mejores distribuidoras de alimentos.<\/p>\n<p><strong>VALORES<\/strong><\/p>\n<p>En Eduben Artesanos SL, compartimos valores que nos gu\u00edan hacia un objetivo com\u00fan y nos permiten realizar nuestras actividades de la mejor manera posible:<\/p>\n<ul>\n<li>Calidad: Nos dedicamos a crear valor a trav\u00e9s de productos de excelente calidad.<\/li>\n<li>Orientaci\u00f3n al cliente: Reconocemos la importancia de nuestros clientes y trabajamos para satisfacer sus necesidades.<\/li>\n<li>Salud alimentaria: Promovemos la salud y seguridad alimentaria con nuestros productos.<\/li>\n<li>Compromiso y profesionalidad: Fomentamos relaciones basadas en el trabajo en equipo, el respeto, la participaci\u00f3n y el aprendizaje continuo.<\/li>\n<li>\u00c9tica laboral: Gestionamos de manera transparente, cumpliendo con la legislaci\u00f3n y pol\u00edticas aplicables, y defendemos la integridad moral, la lealtad y el respeto hacia las personas.<\/li>\n<li>Innovaci\u00f3n: Creemos en la renovaci\u00f3n constante para el progreso empresarial y la adaptaci\u00f3n a los cambios del entorno y la sociedad.<\/li>\n<li>Rentabilidad: Trabajamos para obtener resultados que nos permitan crecer y generar riqueza para la sociedad.<\/li>\n<\/ul>\n<\/div><\/div><\/div><\/div><\/div>\n","protected":false},"excerpt":{"rendered":"","protected":false},"author":1,"featured_media":0,"parent":0,"menu_order":0,"comment_status":"closed","ping_status":"closed","template":"100-width.php","meta":{"footnotes":""},"class_list":["post-14","page","type-page","status-publish","hentry"],"_links":{"self":[{"href":"https:\/\/eduben.es\/index.php\/wp-json\/wp\/v2\/pages\/14","targetHints":{"allow":["GET"]}}],"collection":[{"href":"https:\/\/eduben.es\/index.php\/wp-json\/wp\/v2\/pages"}],"about":[{"href":"https:\/\/eduben.es\/index.php\/wp-json\/wp\/v2\/types\/page"}],"author":[{"embeddable":true,"href":"https:\/\/eduben.es\/index.php\/wp-json\/wp\/v2\/users\/1"}],"replies":[{"embeddable":true,"href":"https:\/\/eduben.es\/index.php\/wp-json\/wp\/v2\/comments?post=14"}],"version-history":[{"count":5,"href":"https:\/\/eduben.es\/index.php\/wp-json\/wp\/v2\/pages\/14\/revisions"}],"predecessor-version":[{"id":1512,"href":"https:\/\/eduben.es\/index.php\/wp-json\/wp\/v2\/pages\/14\/revisions\/1512"}],"wp:attachment":[{"href":"https:\/\/eduben.es\/index.php\/wp-json\/wp\/v2\/media?parent=14"}],"curies":[{"name":"wp","href":"https:\/\/api.w.org\/{rel}","templated":true}]}}